{"id":301,"date":"2022-04-18T16:01:52","date_gmt":"2022-04-18T16:01:52","guid":{"rendered":"https:\/\/fondationrwamiheto.org\/?page_id=301"},"modified":"2022-04-18T18:42:18","modified_gmt":"2022-04-18T18:42:18","slug":"faire-un-don","status":"publish","type":"page","link":"https:\/\/fondationrwamiheto.org\/fr\/faire-un-don\/","title":{"rendered":"Faire un don"},"content":{"rendered":"<p>[vc_row full_width=\u00a0\u00bbstretch_row_content_no_spaces\u00a0\u00bb parallax=\u00a0\u00bbcontent-moving\u00a0\u00bb parallax_image=\u00a0\u00bb303&Prime; css=\u00a0\u00bb.vc_custom_1650297794095{padding-top: 540px !important;padding-bottom: 540px !important;background-position: center;background-repeat: no-repeat !important;background-size: cover !important;}\u00a0\u00bb][vc_column][vc_row_inner content_placement=\u00a0\u00bbbottom\u00a0\u00bb el_class=\u00a0\u00bbpage-title\u00a0\u00bb][vc_column_inner width=\u00a0\u00bb1\/2&Prime; css=\u00a0\u00bb.vc_custom_1649889560585{background-color: #36a7e9 !important;}\u00a0\u00bb][vc_column_text]<\/p>\n<h1>Faire un don<\/h1>\n<p>[\/vc_column_text][\/vc_column_inner][vc_column_inner width=\u00a0\u00bb1\/2&Prime;][\/vc_column_inner][\/vc_row_inner][\/vc_column][\/vc_row][vc_row content_placement=\u00a0\u00bbtop\u00a0\u00bb css=\u00a0\u00bb.vc_custom_1649972610359{margin-top: 50px !important;}\u00a0\u00bb][vc_column width=\u00a0\u00bb1\/2&Prime;][vc_column_text el_class=\u00a0\u00bbpage-content-titles\u00a0\u00bb]<\/p>\n<h3>Faire un don<\/h3>\n<p>Nous vous en sommes tr\u00e8s reconnaissants et de tout c\u0153ur nous vous remercions de votre geste d\u2019aider les enfants les plus d\u00e9munis et les plus d\u00e9favoris\u00e9s.<\/p>\n<p>Pour envoyer votre don, cliquer sur ce lien\u00a0: xxxxx[\/vc_column_text][\/vc_column][vc_column width=\u00a0\u00bb1\/2&Prime;][vc_single_image image=\u00a0\u00bb309&Prime; img_size=\u00a0\u00bb500&#215;1200&Prime; alignment=\u00a0\u00bbright\u00a0\u00bb][\/vc_column][\/vc_row]<\/p>\n","protected":false},"excerpt":{"rendered":"<p>[vc_row full_width=\u00a0\u00bbstretch_row_content_no_spaces\u00a0\u00bb parallax=\u00a0\u00bbcontent-moving\u00a0\u00bb parallax_image=\u00a0\u00bb303&Prime; css=\u00a0\u00bb.vc_custom_1650297794095{padding-top: 540px !important;padding-bottom: 540px !important;background-position: center;background-repeat: no-repeat !important;background-size: cover !important;}\u00a0\u00bb][vc_column][vc_row_inner content_placement=\u00a0\u00bbbottom\u00a0\u00bb el_class=\u00a0\u00bbpage-title\u00a0\u00bb][vc_column_inner width=\u00a0\u00bb1\/2&Prime; css=\u00a0\u00bb.vc_custom_1649889560585{background-color: #36a7e9 !important;}\u00a0\u00bb][vc_column_text] Faire un don [\/vc_column_text][\/vc_column_inner][vc_column_inner width=\u00a0\u00bb1\/2&Prime;][\/vc_column_inner][\/vc_row_inner][\/vc_column][\/vc_row][vc_row content_placement=\u00a0\u00bbtop\u00a0\u00bb<span class=\"excerpt-hellip\"> [\u2026]<\/span><\/p>\n","protected":false},"author":1,"featured_media":0,"parent":0,"menu_order":5,"comment_status":"closed","ping_status":"closed","template":"","meta":{"footnotes":""},"class_list":["post-301","page","type-page","status-publish","hentry"],"_links":{"self":[{"href":"https:\/\/fondationrwamiheto.org\/fr\/wp-json\/wp\/v2\/pages\/301","targetHints":{"allow":["GET"]}}],"collection":[{"href":"https:\/\/fondationrwamiheto.org\/fr\/wp-json\/wp\/v2\/pages"}],"about":[{"href":"https:\/\/fondationrwamiheto.org\/fr\/wp-json\/wp\/v2\/types\/page"}],"author":[{"embeddable":true,"href":"https:\/\/fondationrwamiheto.org\/fr\/wp-json\/wp\/v2\/users\/1"}],"replies":[{"embeddable":true,"href":"https:\/\/fondationrwamiheto.org\/fr\/wp-json\/wp\/v2\/comments?post=301"}],"version-history":[{"count":4,"href":"https:\/\/fondationrwamiheto.org\/fr\/wp-json\/wp\/v2\/pages\/301\/revisions"}],"predecessor-version":[{"id":312,"href":"https:\/\/fondationrwamiheto.org\/fr\/wp-json\/wp\/v2\/pages\/301\/revisions\/312"}],"wp:attachment":[{"href":"https:\/\/fondationrwamiheto.org\/fr\/wp-json\/wp\/v2\/media?parent=301"}],"curies":[{"name":"wp","href":"https:\/\/api.w.org\/{rel}","templated":true}]}}