{"id":284,"date":"2022-04-18T14:42:19","date_gmt":"2022-04-18T14:42:19","guid":{"rendered":"https:\/\/fondationrwamiheto.org\/?page_id=284"},"modified":"2022-04-19T15:47:23","modified_gmt":"2022-04-19T15:47:23","slug":"reconnaissances","status":"publish","type":"page","link":"https:\/\/fondationrwamiheto.org\/fr\/reconnaissances\/","title":{"rendered":"Reconnaissances"},"content":{"rendered":"<p>[vc_row full_width=\u00a0\u00bbstretch_row_content_no_spaces\u00a0\u00bb parallax=\u00a0\u00bbcontent-moving\u00a0\u00bb parallax_image=\u00a0\u00bb287&Prime; css=\u00a0\u00bb.vc_custom_1650293954637{padding-top: 540px !important;padding-bottom: 540px !important;background-position: center;background-repeat: no-repeat !important;background-size: cover !important;}\u00a0\u00bb][vc_column][vc_row_inner content_placement=\u00a0\u00bbbottom\u00a0\u00bb el_class=\u00a0\u00bbpage-title\u00a0\u00bb][vc_column_inner width=\u00a0\u00bb1\/2&Prime; css=\u00a0\u00bb.vc_custom_1649889560585{background-color: #36a7e9 !important;}\u00a0\u00bb][vc_column_text]<\/p>\n<h1>Reconnaissances<\/h1>\n<p>[\/vc_column_text][\/vc_column_inner][vc_column_inner width=\u00a0\u00bb1\/2&Prime;][\/vc_column_inner][\/vc_row_inner][\/vc_column][\/vc_row][vc_row content_placement=\u00a0\u00bbtop\u00a0\u00bb css=\u00a0\u00bb.vc_custom_1649972610359{margin-top: 50px !important;}\u00a0\u00bb][vc_column width=\u00a0\u00bb1\/2&Prime;][vc_column_text el_class=\u00a0\u00bbpage-content-titles\u00a0\u00bb]<\/p>\n<h3>Remerciements<\/h3>\n<p>La Fondation Rwamiheto remercie tous les bienfaiteurs et donateurs, qui gr\u00e2ce \u00e0 leurs dons, la Fondation parvient d\u2019aider les enfants, leur offrant ainsi la possibilit\u00e9 d\u2019avoir acc\u00e8s \u00e0 l\u2019\u00e9ducation.<\/p>\n<p>&nbsp;<\/p>\n<h3>T\u00e9moignages<\/h3>\n<p>&nbsp;<\/p>\n<p><em>\u00ab\u00a0Gr\u00e2ce \u00e0 l\u2019aide de la Fondation Rwamiheto, mon enfant Ndatimana a pu continuer ses \u00e9tudes. Je remercie de tout mon c\u0153ur la Fondation Rwamiheto pour son soutien \u00e0 ma famille.\u00a0\u00bb<br \/>\n<strong>&#8211; Nsengiyunva Nathanael<\/strong> &#8211;<br \/>\n<\/em>[\/vc_column_text][\/vc_column][vc_column width=\u00a0\u00bb1\/2&Prime;][vc_single_image image=\u00a0\u00bb297&Prime; img_size=\u00a0\u00bb500&#215;1200&Prime; alignment=\u00a0\u00bbright\u00a0\u00bb][\/vc_column][\/vc_row]<\/p>\n","protected":false},"excerpt":{"rendered":"<p>[vc_row full_width=\u00a0\u00bbstretch_row_content_no_spaces\u00a0\u00bb parallax=\u00a0\u00bbcontent-moving\u00a0\u00bb parallax_image=\u00a0\u00bb287&Prime; css=\u00a0\u00bb.vc_custom_1650293954637{padding-top: 540px !important;padding-bottom: 540px !important;background-position: center;background-repeat: no-repeat !important;background-size: cover !important;}\u00a0\u00bb][vc_column][vc_row_inner content_placement=\u00a0\u00bbbottom\u00a0\u00bb el_class=\u00a0\u00bbpage-title\u00a0\u00bb][vc_column_inner width=\u00a0\u00bb1\/2&Prime; css=\u00a0\u00bb.vc_custom_1649889560585{background-color: #36a7e9 !important;}\u00a0\u00bb][vc_column_text] Reconnaissances [\/vc_column_text][\/vc_column_inner][vc_column_inner width=\u00a0\u00bb1\/2&Prime;][\/vc_column_inner][\/vc_row_inner][\/vc_column][\/vc_row][vc_row content_placement=\u00a0\u00bbtop\u00a0\u00bb css=\u00a0\u00bb.vc_custom_1649972610359{margin-top: 50px<span class=\"excerpt-hellip\"> [\u2026]<\/span><\/p>\n","protected":false},"author":1,"featured_media":0,"parent":0,"menu_order":4,"comment_status":"closed","ping_status":"closed","template":"","meta":{"footnotes":""},"class_list":["post-284","page","type-page","status-publish","hentry"],"_links":{"self":[{"href":"https:\/\/fondationrwamiheto.org\/fr\/wp-json\/wp\/v2\/pages\/284","targetHints":{"allow":["GET"]}}],"collection":[{"href":"https:\/\/fondationrwamiheto.org\/fr\/wp-json\/wp\/v2\/pages"}],"about":[{"href":"https:\/\/fondationrwamiheto.org\/fr\/wp-json\/wp\/v2\/types\/page"}],"author":[{"embeddable":true,"href":"https:\/\/fondationrwamiheto.org\/fr\/wp-json\/wp\/v2\/users\/1"}],"replies":[{"embeddable":true,"href":"https:\/\/fondationrwamiheto.org\/fr\/wp-json\/wp\/v2\/comments?post=284"}],"version-history":[{"count":10,"href":"https:\/\/fondationrwamiheto.org\/fr\/wp-json\/wp\/v2\/pages\/284\/revisions"}],"predecessor-version":[{"id":338,"href":"https:\/\/fondationrwamiheto.org\/fr\/wp-json\/wp\/v2\/pages\/284\/revisions\/338"}],"wp:attachment":[{"href":"https:\/\/fondationrwamiheto.org\/fr\/wp-json\/wp\/v2\/media?parent=284"}],"curies":[{"name":"wp","href":"https:\/\/api.w.org\/{rel}","templated":true}]}}