{"id":250,"date":"2022-04-17T15:14:29","date_gmt":"2022-04-17T15:14:29","guid":{"rendered":"https:\/\/fondationrwamiheto.org\/?page_id=250"},"modified":"2022-04-17T17:39:56","modified_gmt":"2022-04-17T17:39:56","slug":"nos-objectifs","status":"publish","type":"page","link":"https:\/\/fondationrwamiheto.org\/fr\/nos-objectifs\/","title":{"rendered":"Nos objectifs"},"content":{"rendered":"<p>[vc_row full_width=\u00a0\u00bbstretch_row_content_no_spaces\u00a0\u00bb parallax=\u00a0\u00bbcontent-moving\u00a0\u00bb parallax_image=\u00a0\u00bb218&Prime; css=\u00a0\u00bb.vc_custom_1649982892159{padding-top: 540px !important;padding-bottom: 540px !important;background-position: center;background-repeat: no-repeat !important;background-size: cover !important;}\u00a0\u00bb][vc_column][vc_row_inner content_placement=\u00a0\u00bbbottom\u00a0\u00bb el_class=\u00a0\u00bbpage-title\u00a0\u00bb][vc_column_inner width=\u00a0\u00bb1\/2&Prime; css=\u00a0\u00bb.vc_custom_1649889560585{background-color: #36a7e9 !important;}\u00a0\u00bb][vc_column_text]<\/p>\n<h1>Nos objectifs<\/h1>\n<p>[\/vc_column_text][\/vc_column_inner][vc_column_inner width=\u00a0\u00bb1\/2&Prime;][\/vc_column_inner][\/vc_row_inner][\/vc_column][\/vc_row][vc_row content_placement=\u00a0\u00bbtop\u00a0\u00bb css=\u00a0\u00bb.vc_custom_1649972610359{margin-top: 50px !important;}\u00a0\u00bb][vc_column width=\u00a0\u00bb1\/2&Prime;][vc_column_text el_class=\u00a0\u00bbpage-content-titles\u00a0\u00bb]<\/p>\n<h3>Promouvoir l\u2019\u00e9ducation pour tous<\/h3>\n<p>La Fondation Rwamiheto estime qu\u2019aucun enfant ne devrait pas \u00eatre priv\u00e9 de l\u2019\u00e9ducation du fait de la pauvret\u00e9 ou autre raison li\u00e9e \u00e0 la situation de sa famille.<\/p>\n<p>&nbsp;<\/p>\n<h3>Donner au suivant<\/h3>\n<p>Anim\u00e9e par une de ses valeurs qui est la solidarit\u00e9, la Fondation voudrait inculquer dans les jeunes en g\u00e9n\u00e9ral et \u00e0 ses b\u00e9n\u00e9ficiaires en particulier, l\u2019id\u00e9e de solidarit\u00e9 en songeant \u00e0 donner aux autres qui demain vont se retrouver dans les situations de besoin dans lesquelles eux-m\u00eames \u00e9taient hier.[\/vc_column_text][\/vc_column][vc_column width=\u00a0\u00bb1\/2&Prime;][vc_single_image image=\u00a0\u00bb254&Prime; img_size=\u00a0\u00bb500&#215;1200&Prime; alignment=\u00a0\u00bbright\u00a0\u00bb][\/vc_column][\/vc_row]<\/p>\n","protected":false},"excerpt":{"rendered":"<p>[vc_row full_width=\u00a0\u00bbstretch_row_content_no_spaces\u00a0\u00bb parallax=\u00a0\u00bbcontent-moving\u00a0\u00bb parallax_image=\u00a0\u00bb218&Prime; css=\u00a0\u00bb.vc_custom_1649982892159{padding-top: 540px !important;padding-bottom: 540px !important;background-position: center;background-repeat: no-repeat !important;background-size: cover !important;}\u00a0\u00bb][vc_column][vc_row_inner content_placement=\u00a0\u00bbbottom\u00a0\u00bb el_class=\u00a0\u00bbpage-title\u00a0\u00bb][vc_column_inner width=\u00a0\u00bb1\/2&Prime; css=\u00a0\u00bb.vc_custom_1649889560585{background-color: #36a7e9 !important;}\u00a0\u00bb][vc_column_text] Nos objectifs [\/vc_column_text][\/vc_column_inner][vc_column_inner width=\u00a0\u00bb1\/2&Prime;][\/vc_column_inner][\/vc_row_inner][\/vc_column][\/vc_row][vc_row content_placement=\u00a0\u00bbtop\u00a0\u00bb css=\u00a0\u00bb.vc_custom_1649972610359{margin-top:<span class=\"excerpt-hellip\"> [\u2026]<\/span><\/p>\n","protected":false},"author":1,"featured_media":0,"parent":0,"menu_order":3,"comment_status":"closed","ping_status":"closed","template":"","meta":{"footnotes":""},"class_list":["post-250","page","type-page","status-publish","hentry"],"_links":{"self":[{"href":"https:\/\/fondationrwamiheto.org\/fr\/wp-json\/wp\/v2\/pages\/250","targetHints":{"allow":["GET"]}}],"collection":[{"href":"https:\/\/fondationrwamiheto.org\/fr\/wp-json\/wp\/v2\/pages"}],"about":[{"href":"https:\/\/fondationrwamiheto.org\/fr\/wp-json\/wp\/v2\/types\/page"}],"author":[{"embeddable":true,"href":"https:\/\/fondationrwamiheto.org\/fr\/wp-json\/wp\/v2\/users\/1"}],"replies":[{"embeddable":true,"href":"https:\/\/fondationrwamiheto.org\/fr\/wp-json\/wp\/v2\/comments?post=250"}],"version-history":[{"count":5,"href":"https:\/\/fondationrwamiheto.org\/fr\/wp-json\/wp\/v2\/pages\/250\/revisions"}],"predecessor-version":[{"id":263,"href":"https:\/\/fondationrwamiheto.org\/fr\/wp-json\/wp\/v2\/pages\/250\/revisions\/263"}],"wp:attachment":[{"href":"https:\/\/fondationrwamiheto.org\/fr\/wp-json\/wp\/v2\/media?parent=250"}],"curies":[{"name":"wp","href":"https:\/\/api.w.org\/{rel}","templated":true}]}}