{"id":227,"date":"2022-04-15T15:31:24","date_gmt":"2022-04-15T15:31:24","guid":{"rendered":"https:\/\/fondationrwamiheto.org\/?page_id=227"},"modified":"2022-04-17T17:40:52","modified_gmt":"2022-04-17T17:40:52","slug":"notre-gouvernance","status":"publish","type":"page","link":"https:\/\/fondationrwamiheto.org\/fr\/notre-gouvernance\/","title":{"rendered":"Notre gouvernance"},"content":{"rendered":"<p>[vc_row full_width=\u00a0\u00bbstretch_row_content_no_spaces\u00a0\u00bb parallax=\u00a0\u00bbcontent-moving\u00a0\u00bb parallax_image=\u00a0\u00bb218&Prime; css=\u00a0\u00bb.vc_custom_1649982892159{padding-top: 540px !important;padding-bottom: 540px !important;background-position: center;background-repeat: no-repeat !important;background-size: cover !important;}\u00a0\u00bb][vc_column][vc_row_inner content_placement=\u00a0\u00bbbottom\u00a0\u00bb el_class=\u00a0\u00bbpage-title\u00a0\u00bb][vc_column_inner width=\u00a0\u00bb1\/2&Prime; css=\u00a0\u00bb.vc_custom_1649889560585{background-color: #36a7e9 !important;}\u00a0\u00bb][vc_column_text]<\/p>\n<h1>Notre gouvernance<\/h1>\n<p>[\/vc_column_text][\/vc_column_inner][vc_column_inner width=\u00a0\u00bb1\/2&Prime;][\/vc_column_inner][\/vc_row_inner][\/vc_column][\/vc_row][vc_row content_placement=\u00a0\u00bbtop\u00a0\u00bb css=\u00a0\u00bb.vc_custom_1649972610359{margin-top: 50px !important;}\u00a0\u00bb][vc_column width=\u00a0\u00bb1\/2&Prime;][vc_column_text el_class=\u00a0\u00bbpage-content-titles\u00a0\u00bb]<\/p>\n<p style=\"text-align: left; font-size: 26px; font-weight: 300; line-height: 28px;\">La Fondation Rwamiheto est un Organisme de bienfaisance de juridiction f\u00e9d\u00e9rale enregistr\u00e9 au Canada et qui a son si\u00e8ge social au Canda.<\/p>\n<p>&nbsp;<\/p>\n<h3>Conseil d\u2019Administration<\/h3>\n<p>La Fondation Rwamiheto est g\u00e9r\u00e9e par un Conseil d\u2019Administration. Le pr\u00e9sent Conseil d\u2019Administration est compos\u00e9 des membres suivants\u00a0:<\/p>\n<ul>\n<li aria-level=\"1\">Dr. James Mavubi (\u00c9tats-Unis)<\/li>\n<li aria-level=\"1\">Th\u00e8cle Twungubumwe (Canada)<\/li>\n<li aria-level=\"1\">Laurence Munyengabe (Canada)<\/li>\n<li aria-level=\"1\">Jotham Rwamiheto (Canada)<\/li>\n<li aria-level=\"1\">Solange Uwimana (Belgique)<\/li>\n<li aria-level=\"1\">Emerence Uwineza (Belgique)<\/li>\n<li aria-level=\"1\">xxxxx xxxxxx (Rwanda)<\/li>\n<\/ul>\n<p>Les membres du Conseil d\u2019Administration sont des b\u00e9n\u00e9voles.<\/p>\n<p>&nbsp;<\/p>\n<h3>Coordination Nationale<\/h3>\n<p>La coordination nationale est exerc\u00e9e par un Coordinateur National qui g\u00e8re toutes les activit\u00e9s de la Fondation dans un pays donn\u00e9<\/p>\n<p>Le Coordinateur National peut \u00eatre un b\u00e9n\u00e9vole ou un salari\u00e9 d\u00e9pendamment du volume des activit\u00e9s dans son pays et du budget de la Fondation<\/p>\n<p>&nbsp;<\/p>\n<h3>B\u00e9n\u00e9volat<\/h3>\n<p>Le Conseil d\u2019Administration et la Coordination Nationale peuvent faire appel aux b\u00e9n\u00e9voles pour les assister dans les diff\u00e9rentes t\u00e2ches et activit\u00e9s de la Fondation.<\/p>\n<p>&nbsp;<\/p>\n<h3>Tenu des livres comptables et Audit<\/h3>\n<p>La Fondation est tenu de respecter les r\u00e8gles comptables en vigueur et de faire un audit annuel ou tous les deux ans pour \u00e9valuer sa conformit\u00e9 et sa performance.[\/vc_column_text][\/vc_column][vc_column width=\u00a0\u00bb1\/2&Prime;][vc_single_image image=\u00a0\u00bb246&Prime; img_size=\u00a0\u00bb500&#215;1200&Prime; alignment=\u00a0\u00bbright\u00a0\u00bb][\/vc_column][\/vc_row]<\/p>\n","protected":false},"excerpt":{"rendered":"<p>[vc_row full_width=\u00a0\u00bbstretch_row_content_no_spaces\u00a0\u00bb parallax=\u00a0\u00bbcontent-moving\u00a0\u00bb parallax_image=\u00a0\u00bb218&Prime; css=\u00a0\u00bb.vc_custom_1649982892159{padding-top: 540px !important;padding-bottom: 540px !important;background-position: center;background-repeat: no-repeat !important;background-size: cover !important;}\u00a0\u00bb][vc_column][vc_row_inner content_placement=\u00a0\u00bbbottom\u00a0\u00bb el_class=\u00a0\u00bbpage-title\u00a0\u00bb][vc_column_inner width=\u00a0\u00bb1\/2&Prime; css=\u00a0\u00bb.vc_custom_1649889560585{background-color: #36a7e9 !important;}\u00a0\u00bb][vc_column_text] Notre gouvernance [\/vc_column_text][\/vc_column_inner][vc_column_inner width=\u00a0\u00bb1\/2&Prime;][\/vc_column_inner][\/vc_row_inner][\/vc_column][\/vc_row][vc_row content_placement=\u00a0\u00bbtop\u00a0\u00bb css=\u00a0\u00bb.vc_custom_1649972610359{margin-top:<span class=\"excerpt-hellip\"> [\u2026]<\/span><\/p>\n","protected":false},"author":1,"featured_media":0,"parent":0,"menu_order":2,"comment_status":"closed","ping_status":"closed","template":"","meta":{"footnotes":""},"class_list":["post-227","page","type-page","status-publish","hentry"],"_links":{"self":[{"href":"https:\/\/fondationrwamiheto.org\/fr\/wp-json\/wp\/v2\/pages\/227","targetHints":{"allow":["GET"]}}],"collection":[{"href":"https:\/\/fondationrwamiheto.org\/fr\/wp-json\/wp\/v2\/pages"}],"about":[{"href":"https:\/\/fondationrwamiheto.org\/fr\/wp-json\/wp\/v2\/types\/page"}],"author":[{"embeddable":true,"href":"https:\/\/fondationrwamiheto.org\/fr\/wp-json\/wp\/v2\/users\/1"}],"replies":[{"embeddable":true,"href":"https:\/\/fondationrwamiheto.org\/fr\/wp-json\/wp\/v2\/comments?post=227"}],"version-history":[{"count":11,"href":"https:\/\/fondationrwamiheto.org\/fr\/wp-json\/wp\/v2\/pages\/227\/revisions"}],"predecessor-version":[{"id":264,"href":"https:\/\/fondationrwamiheto.org\/fr\/wp-json\/wp\/v2\/pages\/227\/revisions\/264"}],"wp:attachment":[{"href":"https:\/\/fondationrwamiheto.org\/fr\/wp-json\/wp\/v2\/media?parent=227"}],"curies":[{"name":"wp","href":"https:\/\/api.w.org\/{rel}","templated":true}]}}