{"id":2,"date":"2018-07-26T14:04:10","date_gmt":"2018-07-26T14:04:10","guid":{"rendered":"https:\/\/themes.muffingroup.com\/be\/school2\/?page_id=2"},"modified":"2022-05-18T23:32:29","modified_gmt":"2022-05-18T23:32:29","slug":"home","status":"publish","type":"page","link":"https:\/\/fondationrwamiheto.org\/fr\/","title":{"rendered":"Accueil"},"content":{"rendered":"<p>[vc_row equal_height=\u00a0\u00bbyes\u00a0\u00bb content_placement=\u00a0\u00bbmiddle\u00a0\u00bb css=\u00a0\u00bb.vc_custom_1649969478154{margin-top: 100px !important;margin-bottom: 100px !important;}\u00a0\u00bb][vc_column width=\u00a0\u00bb1\/2&Prime;][vc_column_text css_animation=\u00a0\u00bbfadeInLeft\u00a0\u00bb]Le <strong>Conseil d\u2019Administration de la Fondation Rwamiheto remercie de tout c\u0153ur tous les donateurs<\/strong> qui ont compris la cause de cette fondation.\u00a0 Leurs dons g\u00e9n\u00e9reux donnent un sourire \u00e0 des enfants d\u00e9favoris\u00e9s en leur permettant d\u2019aller \u00e0 l\u2019\u00e9cole.<\/p>\n<p><strong>Nous remercions \u00e9galement les bienfaiteurs futurs qui se joindront \u00e0 cette belle communaut\u00e9 dont la mission commune et de permettre la r\u00e9alisation de sa devise\u00a0: l\u2019\u00e9ducation pour tous en donnant au suivant.<\/strong> L\u2019exp\u00e9rience de la vie a prouv\u00e9 qu\u2019il y a plus de b\u00e9n\u00e9diction \u00e0 donner aux personnes d\u00e9munies. Ce que vous donnez par la main droite, la nature vous le retourne par la main gauche. Ensemble, aussi peu soit-il, nous pouvons contribuer \u00e0 la r\u00e9duction de la mis\u00e8re de l\u2019humanit\u00e9.[\/vc_column_text][\/vc_column][vc_column width=\u00a0\u00bb1\/2&Prime;][vc_single_image image=\u00a0\u00bb134&Prime; img_size=\u00a0\u00bb800&#215;600&Prime; alignment=\u00a0\u00bbright\u00a0\u00bb css_animation=\u00a0\u00bbfadeInRight\u00a0\u00bb][\/vc_column][\/vc_row][vc_row css=\u00a0\u00bb.vc_custom_1650307763283{margin-bottom: 50px !important;}\u00a0\u00bb][vc_column][vc_row_inner][vc_column_inner width=\u00a0\u00bb1\/3&Prime;][\/vc_column_inner][vc_column_inner width=\u00a0\u00bb1\/3&Prime;][vc_column_text css_animation=\u00a0\u00bbfadeInUp\u00a0\u00bb el_class=\u00a0\u00bbtitle-white-on-blue\u00a0\u00bb]<\/p>\n<h2 style=\"text-align: center;\">La Fondation<\/h2>\n<p>[\/vc_column_text][\/vc_column_inner][vc_column_inner width=\u00a0\u00bb1\/3&Prime;][\/vc_column_inner][\/vc_row_inner][vc_row_inner content_placement=\u00a0\u00bbmiddle\u00a0\u00bb][vc_column_inner width=\u00a0\u00bb1\/2&Prime;][vc_single_image image=\u00a0\u00bb137&Prime; img_size=\u00a0\u00bb800&#215;600&Prime; css_animation=\u00a0\u00bbfadeInLeft\u00a0\u00bb][\/vc_column_inner][vc_column_inner width=\u00a0\u00bb1\/2&Prime;][vc_column_text css_animation=\u00a0\u00bbfadeInRight\u00a0\u00bb]<\/p>\n<h4><strong>Mission de la Fondation\u00a0:<\/strong><\/h4>\n<p>Promouvoir l\u2019\u00e9ducation pour tous en offrant les frais de scolarit\u00e9s et accessoires scolaires aux enfants les plus d\u00e9munis qui sont surtout sur le continent africain.<\/p>\n<p>&nbsp;<\/p>\n<h4><strong>Valeurs de la Fondation\u00a0:\u00a0<\/strong><\/h4>\n<ul>\n<li aria-level=\"1\">Solidarit\u00e9 avec les plus d\u00e9munis<\/li>\n<li aria-level=\"1\">Objectivit\u00e9 dans le choix des b\u00e9n\u00e9ficiaires<\/li>\n<li aria-level=\"1\">Transparence dans la gestion de ses activit\u00e9s<\/li>\n<\/ul>\n<p>[\/vc_column_text][vc_btn title=\u00a0\u00bbEn Savoir plus\u00a0\u00bb style=\u00a0\u00bbflat\u00a0\u00bb shape=\u00a0\u00bbsquare\u00a0\u00bb color=\u00a0\u00bbpeacoc\u00a0\u00bb align=\u00a0\u00bbright\u00a0\u00bb css_animation=\u00a0\u00bbfadeInRight\u00a0\u00bb link=\u00a0\u00bburl:https%3A%2F%2Ffondationrwamiheto.org%2Ffr%2Fla-fondation%2F|title:La%20Fondation\u00a0\u00bb el_class=\u00a0\u00bbhome-button\u00a0\u00bb css=\u00a0\u00bb.vc_custom_1650382043753{padding-top: 40px !important;padding-bottom: 40px !important;}\u00a0\u00bb][\/vc_column_inner][\/vc_row_inner][\/vc_column][\/vc_row][vc_row css=\u00a0\u00bb.vc_custom_1650308430508{margin-bottom: 50px !important;}\u00a0\u00bb][vc_column][vc_row_inner][vc_column_inner width=\u00a0\u00bb1\/3&Prime;][\/vc_column_inner][vc_column_inner width=\u00a0\u00bb1\/3&Prime;][vc_column_text css_animation=\u00a0\u00bbfadeInUp\u00a0\u00bb el_class=\u00a0\u00bbtitle-white-on-blue\u00a0\u00bb]<\/p>\n<h2 style=\"text-align: center;\">Notre gouvernance<\/h2>\n<p>[\/vc_column_text][\/vc_column_inner][vc_column_inner width=\u00a0\u00bb1\/3&Prime;][\/vc_column_inner][\/vc_row_inner][vc_row_inner content_placement=\u00a0\u00bbmiddle\u00a0\u00bb][vc_column_inner width=\u00a0\u00bb1\/2&Prime;][vc_column_text css_animation=\u00a0\u00bbfadeInLeft\u00a0\u00bb]La Fondation Rwamiheto est un Organisme de bienfaisance de juridiction f\u00e9d\u00e9rale enregistr\u00e9 au Canada et qui a son si\u00e8ge social au Canda.[\/vc_column_text][vc_btn title=\u00a0\u00bbEn Savoir plus\u00a0\u00bb style=\u00a0\u00bbflat\u00a0\u00bb shape=\u00a0\u00bbsquare\u00a0\u00bb color=\u00a0\u00bbpeacoc\u00a0\u00bb align=\u00a0\u00bbleft\u00a0\u00bb css_animation=\u00a0\u00bbfadeInLeft\u00a0\u00bb link=\u00a0\u00bburl:https%3A%2F%2Ffondationrwamiheto.org%2Ffr%2Fnotre-gouvernance%2F|title:La%20Fondation\u00a0\u00bb el_class=\u00a0\u00bbhome-button\u00a0\u00bb css=\u00a0\u00bb.vc_custom_1650382162035{padding-top: 40px !important;padding-bottom: 40px !important;}\u00a0\u00bb][\/vc_column_inner][vc_column_inner width=\u00a0\u00bb1\/2&Prime;][vc_single_image image=\u00a0\u00bb315&Prime; img_size=\u00a0\u00bb800&#215;600&Prime; alignment=\u00a0\u00bbright\u00a0\u00bb css_animation=\u00a0\u00bbfadeInRight\u00a0\u00bb][\/vc_column_inner][\/vc_row_inner][\/vc_column][\/vc_row][vc_row css=\u00a0\u00bb.vc_custom_1650308436354{margin-bottom: 50px !important;}\u00a0\u00bb][vc_column][vc_row_inner][vc_column_inner width=\u00a0\u00bb1\/3&Prime;][\/vc_column_inner][vc_column_inner width=\u00a0\u00bb1\/3&Prime;][vc_column_text css_animation=\u00a0\u00bbfadeInUp\u00a0\u00bb el_class=\u00a0\u00bbtitle-white-on-blue\u00a0\u00bb]<\/p>\n<h2 style=\"text-align: center;\">Nos objectifs<\/h2>\n<p>[\/vc_column_text][\/vc_column_inner][vc_column_inner width=\u00a0\u00bb1\/3&Prime;][\/vc_column_inner][\/vc_row_inner][vc_row_inner content_placement=\u00a0\u00bbmiddle\u00a0\u00bb][vc_column_inner width=\u00a0\u00bb1\/2&Prime;][vc_single_image image=\u00a0\u00bb323&Prime; img_size=\u00a0\u00bb800&#215;600&Prime; css_animation=\u00a0\u00bbfadeInLeft\u00a0\u00bb][\/vc_column_inner][vc_column_inner width=\u00a0\u00bb1\/2&Prime;][vc_column_text css_animation=\u00a0\u00bbfadeInRight\u00a0\u00bb]<\/p>\n<h4>Promouvoir l\u2019\u00e9ducation pour tous<\/h4>\n<p>La Fondation Rwamiheto estime qu\u2019aucun enfant ne devrait pas \u00eatre priv\u00e9 de l\u2019\u00e9ducation du fait de la pauvret\u00e9 ou autre raison li\u00e9e \u00e0 la situation de sa famille.[\/vc_column_text][vc_btn title=\u00a0\u00bbEn Savoir plus\u00a0\u00bb style=\u00a0\u00bbflat\u00a0\u00bb shape=\u00a0\u00bbsquare\u00a0\u00bb color=\u00a0\u00bbpeacoc\u00a0\u00bb align=\u00a0\u00bbright\u00a0\u00bb css_animation=\u00a0\u00bbfadeInRight\u00a0\u00bb link=\u00a0\u00bburl:https%3A%2F%2Ffondationrwamiheto.org%2Ffr%2Fnos-objectifs%2F|title:La%20Fondation\u00a0\u00bb el_class=\u00a0\u00bbhome-button\u00a0\u00bb css=\u00a0\u00bb.vc_custom_1650382232114{padding-top: 40px !important;padding-bottom: 40px !important;}\u00a0\u00bb][\/vc_column_inner][\/vc_row_inner][\/vc_column][\/vc_row][vc_row css=\u00a0\u00bb.vc_custom_1650308430508{margin-bottom: 50px !important;}\u00a0\u00bb][vc_column][vc_row_inner][vc_column_inner width=\u00a0\u00bb1\/3&Prime;][\/vc_column_inner][vc_column_inner width=\u00a0\u00bb1\/3&Prime;][vc_column_text css_animation=\u00a0\u00bbfadeInUp\u00a0\u00bb el_class=\u00a0\u00bbtitle-white-on-blue\u00a0\u00bb]<\/p>\n<h2 style=\"text-align: center;\">Nos actions<\/h2>\n<p>[\/vc_column_text][\/vc_column_inner][vc_column_inner width=\u00a0\u00bb1\/3&Prime;][\/vc_column_inner][\/vc_row_inner][vc_row_inner content_placement=\u00a0\u00bbmiddle\u00a0\u00bb][vc_column_inner width=\u00a0\u00bb1\/2&Prime;][vc_column_text css_animation=\u00a0\u00bbfadeInLeft\u00a0\u00bb]<\/p>\n<h4>Parrainage<\/h4>\n<p>La Fondation a mis en place un programme de parrainage. Il s\u2019agit d\u2019un bienfaiteur ou d\u2019un donneur qui s\u2019associe \u00e0 un \u00e9l\u00e8ve ou \u00e0 un groupe d\u2019\u00e9l\u00e8ves pour d\u00e9velopper des relations plus proches ou plus personnalis\u00e9es d\u2019entraide.[\/vc_column_text][vc_btn title=\u00a0\u00bbEn Savoir plus\u00a0\u00bb style=\u00a0\u00bbflat\u00a0\u00bb shape=\u00a0\u00bbsquare\u00a0\u00bb color=\u00a0\u00bbpeacoc\u00a0\u00bb align=\u00a0\u00bbleft\u00a0\u00bb css_animation=\u00a0\u00bbfadeInLeft\u00a0\u00bb link=\u00a0\u00bburl:https%3A%2F%2Ffondationrwamiheto.org%2Ffr%2Fnos-actions%2F|title:La%20Fondation\u00a0\u00bb el_class=\u00a0\u00bbhome-button\u00a0\u00bb css=\u00a0\u00bb.vc_custom_1650382292288{padding-top: 40px !important;padding-bottom: 40px !important;}\u00a0\u00bb][\/vc_column_inner][vc_column_inner width=\u00a0\u00bb1\/2&Prime;][vc_single_image image=\u00a0\u00bb328&Prime; img_size=\u00a0\u00bb800&#215;600&Prime; alignment=\u00a0\u00bbright\u00a0\u00bb css_animation=\u00a0\u00bbfadeInRight\u00a0\u00bb][\/vc_column_inner][\/vc_row_inner][\/vc_column][\/vc_row][vc_row css=\u00a0\u00bb.vc_custom_1650308436354{margin-bottom: 50px !important;}\u00a0\u00bb][vc_column][vc_row_inner][vc_column_inner width=\u00a0\u00bb1\/3&Prime;][\/vc_column_inner][vc_column_inner width=\u00a0\u00bb1\/3&Prime;][vc_column_text css_animation=\u00a0\u00bbfadeInUp\u00a0\u00bb el_class=\u00a0\u00bbtitle-white-on-blue\u00a0\u00bb]<\/p>\n<h2 style=\"text-align: center;\">Reconnaissances<\/h2>\n<p>[\/vc_column_text][\/vc_column_inner][vc_column_inner width=\u00a0\u00bb1\/3&Prime;][\/vc_column_inner][\/vc_row_inner][vc_row_inner content_placement=\u00a0\u00bbmiddle\u00a0\u00bb][vc_column_inner width=\u00a0\u00bb1\/2&Prime;][vc_single_image image=\u00a0\u00bb332&Prime; img_size=\u00a0\u00bb800&#215;600&Prime; css_animation=\u00a0\u00bbfadeInLeft\u00a0\u00bb][\/vc_column_inner][vc_column_inner width=\u00a0\u00bb1\/2&Prime;][vc_column_text css_animation=\u00a0\u00bbfadeInRight\u00a0\u00bb]La Fondation Rwamiheto remercie tous les bienfaiteurs et donateurs, qui gr\u00e2ce \u00e0 leurs dons, la Fondation parvient d\u2019aider les enfants, leur offrant ainsi la possibilit\u00e9 d\u2019avoir acc\u00e8s \u00e0 l\u2019\u00e9ducation.[\/vc_column_text][vc_btn title=\u00a0\u00bbEn Savoir plus\u00a0\u00bb style=\u00a0\u00bbflat\u00a0\u00bb shape=\u00a0\u00bbsquare\u00a0\u00bb color=\u00a0\u00bbpeacoc\u00a0\u00bb align=\u00a0\u00bbright\u00a0\u00bb css_animation=\u00a0\u00bbfadeInRight\u00a0\u00bb link=\u00a0\u00bburl:https%3A%2F%2Ffondationrwamiheto.org%2Ffr%2Freconnaissances%2F|title:La%20Fondation\u00a0\u00bb el_class=\u00a0\u00bbhome-button\u00a0\u00bb css=\u00a0\u00bb.vc_custom_1650382330813{padding-top: 40px !important;padding-bottom: 40px !important;}\u00a0\u00bb][\/vc_column_inner][\/vc_row_inner][\/vc_column][\/vc_row]<\/p>\n","protected":false},"excerpt":{"rendered":"<p>[vc_row equal_height=\u00a0\u00bbyes\u00a0\u00bb content_placement=\u00a0\u00bbmiddle\u00a0\u00bb css=\u00a0\u00bb.vc_custom_1649969478154{margin-top: 100px !important;margin-bottom: 100px !important;}\u00a0\u00bb][vc_column width=\u00a0\u00bb1\/2&Prime;][vc_column_text css_animation=\u00a0\u00bbfadeInLeft\u00a0\u00bb]Le Conseil d\u2019Administration de la Fondation Rwamiheto remercie de tout c\u0153ur tous les donateurs qui ont compris<span class=\"excerpt-hellip\"> [\u2026]<\/span><\/p>\n","protected":false},"author":1,"featured_media":0,"parent":0,"menu_order":0,"comment_status":"closed","ping_status":"open","template":"","meta":{"footnotes":""},"class_list":["post-2","page","type-page","status-publish","hentry"],"_links":{"self":[{"href":"https:\/\/fondationrwamiheto.org\/fr\/wp-json\/wp\/v2\/pages\/2","targetHints":{"allow":["GET"]}}],"collection":[{"href":"https:\/\/fondationrwamiheto.org\/fr\/wp-json\/wp\/v2\/pages"}],"about":[{"href":"https:\/\/fondationrwamiheto.org\/fr\/wp-json\/wp\/v2\/types\/page"}],"author":[{"embeddable":true,"href":"https:\/\/fondationrwamiheto.org\/fr\/wp-json\/wp\/v2\/users\/1"}],"replies":[{"embeddable":true,"href":"https:\/\/fondationrwamiheto.org\/fr\/wp-json\/wp\/v2\/comments?post=2"}],"version-history":[{"count":55,"href":"https:\/\/fondationrwamiheto.org\/fr\/wp-json\/wp\/v2\/pages\/2\/revisions"}],"predecessor-version":[{"id":479,"href":"https:\/\/fondationrwamiheto.org\/fr\/wp-json\/wp\/v2\/pages\/2\/revisions\/479"}],"wp:attachment":[{"href":"https:\/\/fondationrwamiheto.org\/fr\/wp-json\/wp\/v2\/media?parent=2"}],"curies":[{"name":"wp","href":"https:\/\/api.w.org\/{rel}","templated":true}]}}