{"id":13,"date":"2018-08-15T09:56:28","date_gmt":"2018-08-15T09:56:28","guid":{"rendered":"https:\/\/themes.muffingroup.com\/be\/school2\/?page_id=13"},"modified":"2022-10-01T17:31:59","modified_gmt":"2022-10-01T17:31:59","slug":"la-fondation","status":"publish","type":"page","link":"https:\/\/fondationrwamiheto.org\/fr\/la-fondation\/","title":{"rendered":"La Fondation"},"content":{"rendered":"<p>[vc_row full_width=\u00a0\u00bbstretch_row_content_no_spaces\u00a0\u00bb parallax=\u00a0\u00bbcontent-moving\u00a0\u00bb parallax_image=\u00a0\u00bb218&Prime; css=\u00a0\u00bb.vc_custom_1649982892159{padding-top: 540px !important;padding-bottom: 540px !important;background-position: center;background-repeat: no-repeat !important;background-size: cover !important;}\u00a0\u00bb][vc_column][vc_row_inner content_placement=\u00a0\u00bbbottom\u00a0\u00bb el_class=\u00a0\u00bbpage-title\u00a0\u00bb][vc_column_inner width=\u00a0\u00bb1\/2&Prime; css=\u00a0\u00bb.vc_custom_1649889560585{background-color: #36a7e9 !important;}\u00a0\u00bb][vc_column_text]<\/p>\n<h1>La Fondation<\/h1>\n<p>[\/vc_column_text][\/vc_column_inner][vc_column_inner width=\u00a0\u00bb1\/2&Prime;][\/vc_column_inner][\/vc_row_inner][\/vc_column][\/vc_row][vc_row content_placement=\u00a0\u00bbtop\u00a0\u00bb css=\u00a0\u00bb.vc_custom_1649972610359{margin-top: 50px !important;}\u00a0\u00bb][vc_column width=\u00a0\u00bb1\/2&Prime;][vc_column_text el_class=\u00a0\u00bbpage-content-titles\u00a0\u00bb]<\/p>\n<h3>Statuts de la Fondation :<\/h3>\n<ul>\n<li aria-level=\"1\"><strong>Nom\u00a0:<\/strong> Fondation Rwamiheto<\/li>\n<li aria-level=\"1\"><strong>Type d\u2019Organisation\u00a0:<\/strong> Organisation \u00e0 but non lucratif (OBL) sous forme d\u2019une Organisation de bienfaisance reconnue<\/li>\n<li aria-level=\"1\"><strong>Juridiction\u00a0:<\/strong> F\u00e9d\u00e9rale<\/li>\n<li aria-level=\"1\"><strong>Adresse\u00a0:<\/strong> 25 Rue Baron, Laval, Qu\u00e9bec, H7H 0A4<\/li>\n<\/ul>\n<p>&nbsp;<\/p>\n<h3>Mission de la Fondation :<\/h3>\n<p>Promouvoir l\u2019\u00e9ducation pour tous en offrant les frais de scolarit\u00e9s et accessoires scolaires aux enfants les plus d\u00e9munis qui sont surtout sur le continent africain.<\/p>\n<p>&nbsp;<\/p>\n<h3>Valeurs de la Fondation\u00a0:<\/h3>\n<ul>\n<li>Solidarit\u00e9 avec les plus d\u00e9munis<\/li>\n<li>Objectivit\u00e9 dans le choix des b\u00e9n\u00e9ficiaires<\/li>\n<li>Transparence dans la gestion de ses activit\u00e9s<\/li>\n<\/ul>\n<p>&nbsp;<\/p>\n<h3>Activit\u00e9s de la Fondation\u00a0:<\/h3>\n<ul>\n<li aria-level=\"1\">Rechercher et r\u00e9unir les fonds n\u00e9cessaires pouvant permettre la Fondation \u00e0 remplir sa mission<\/li>\n<li aria-level=\"1\">Identifier les enfants les plus d\u00e9munis qui ont la difficult\u00e9 d\u2019acc\u00e9der \u00e0 l\u2019\u00e9ducation<\/li>\n<li aria-level=\"1\">Offrir les frais de scolarit\u00e9s et accessoires scolaires aux enfants les plus d\u00e9munis<\/li>\n<li aria-level=\"1\">Faire un suivi de ses enfants jusqu\u2019\u00e0 leur insertion dans la vie professionnelle active<\/li>\n<li aria-level=\"1\">Encourager les enfants qui ont b\u00e9n\u00e9fici\u00e9 du soutien de la Fondation, \u00e0 aider les autres qui seraient dans les m\u00eames besoins qu\u2019eux; d\u2019o\u00f9 le slogan de la Fondation\u00a0: \u00c9ducation pour tous \u2013 Donne au suivant<\/li>\n<\/ul>\n<p>[\/vc_column_text][\/vc_column][vc_column width=\u00a0\u00bb1\/2&Prime;][vc_single_image image=\u00a0\u00bb239&Prime; img_size=\u00a0\u00bb500&#215;1200&Prime; alignment=\u00a0\u00bbright\u00a0\u00bb][\/vc_column][\/vc_row]<\/p>\n","protected":false},"excerpt":{"rendered":"<p>[vc_row full_width=\u00a0\u00bbstretch_row_content_no_spaces\u00a0\u00bb parallax=\u00a0\u00bbcontent-moving\u00a0\u00bb parallax_image=\u00a0\u00bb218&Prime; css=\u00a0\u00bb.vc_custom_1649982892159{padding-top: 540px !important;padding-bottom: 540px !important;background-position: center;background-repeat: no-repeat !important;background-size: cover !important;}\u00a0\u00bb][vc_column][vc_row_inner content_placement=\u00a0\u00bbbottom\u00a0\u00bb el_class=\u00a0\u00bbpage-title\u00a0\u00bb][vc_column_inner width=\u00a0\u00bb1\/2&Prime; css=\u00a0\u00bb.vc_custom_1649889560585{background-color: #36a7e9 !important;}\u00a0\u00bb][vc_column_text] La Fondation [\/vc_column_text][\/vc_column_inner][vc_column_inner width=\u00a0\u00bb1\/2&Prime;][\/vc_column_inner][\/vc_row_inner][\/vc_column][\/vc_row][vc_row content_placement=\u00a0\u00bbtop\u00a0\u00bb css=\u00a0\u00bb.vc_custom_1649972610359{margin-top:<span class=\"excerpt-hellip\"> [\u2026]<\/span><\/p>\n","protected":false},"author":1,"featured_media":0,"parent":0,"menu_order":1,"comment_status":"closed","ping_status":"closed","template":"","meta":{"footnotes":""},"class_list":["post-13","page","type-page","status-publish","hentry"],"_links":{"self":[{"href":"https:\/\/fondationrwamiheto.org\/fr\/wp-json\/wp\/v2\/pages\/13","targetHints":{"allow":["GET"]}}],"collection":[{"href":"https:\/\/fondationrwamiheto.org\/fr\/wp-json\/wp\/v2\/pages"}],"about":[{"href":"https:\/\/fondationrwamiheto.org\/fr\/wp-json\/wp\/v2\/types\/page"}],"author":[{"embeddable":true,"href":"https:\/\/fondationrwamiheto.org\/fr\/wp-json\/wp\/v2\/users\/1"}],"replies":[{"embeddable":true,"href":"https:\/\/fondationrwamiheto.org\/fr\/wp-json\/wp\/v2\/comments?post=13"}],"version-history":[{"count":53,"href":"https:\/\/fondationrwamiheto.org\/fr\/wp-json\/wp\/v2\/pages\/13\/revisions"}],"predecessor-version":[{"id":484,"href":"https:\/\/fondationrwamiheto.org\/fr\/wp-json\/wp\/v2\/pages\/13\/revisions\/484"}],"wp:attachment":[{"href":"https:\/\/fondationrwamiheto.org\/fr\/wp-json\/wp\/v2\/media?parent=13"}],"curies":[{"name":"wp","href":"https:\/\/api.w.org\/{rel}","templated":true}]}}